{"id":1821,"date":"2025-09-26T10:22:27","date_gmt":"2025-09-26T00:22:27","guid":{"rendered":"https:\/\/mrshrink.spinstaging.com\/hr\/transport\/"},"modified":"2025-11-26T11:08:14","modified_gmt":"2025-11-26T01:08:14","slug":"transport","status":"publish","type":"page","link":"https:\/\/mr-shrink.com\/hr\/transport\/","title":{"rendered":"Transport"},"content":{"rendered":"\t\t<div data-elementor-type=\"wp-page\" data-elementor-id=\"1821\" class=\"elementor elementor-1821\" data-elementor-post-type=\"page\">\n\t\t\t\t<div class=\"elementor-element elementor-element-36145f6e e-flex e-con-boxed e-con e-parent\" data-id=\"36145f6e\" data-element_type=\"container\" data-e-type=\"container\">\n\t\t\t\t\t<div class=\"e-con-inner\">\n\t\t<div class=\"elementor-element elementor-element-4640a04c e-con-full e-flex e-con e-child\" data-id=\"4640a04c\" data-element_type=\"container\" data-e-type=\"container\">\n\t\t\t\t<div class=\"elementor-element elementor-element-56c6f3d8 elementor-invisible elementor-widget elementor-widget-image\" data-id=\"56c6f3d8\" data-element_type=\"widget\" data-e-type=\"widget\" data-settings=\"{&quot;_animation&quot;:&quot;fadeIn&quot;}\" data-widget_type=\"image.default\">\n\t\t\t\t\t\t\t\t\t\t\t\t\t\t\t<img fetchpriority=\"high\" decoding=\"async\" width=\"796\" height=\"700\" src=\"https:\/\/mr-shrink.com\/hr\/wp-content\/uploads\/2025\/09\/transport-img-3-1.jpg\" class=\"attachment-full size-full wp-image-1822\" alt=\"\" srcset=\"https:\/\/mr-shrink.com\/hr\/wp-content\/uploads\/2025\/09\/transport-img-3-1.jpg 796w, https:\/\/mr-shrink.com\/hr\/wp-content\/uploads\/2025\/09\/transport-img-3-1-300x264.jpg 300w, https:\/\/mr-shrink.com\/hr\/wp-content\/uploads\/2025\/09\/transport-img-3-1-768x675.jpg 768w\" sizes=\"(max-width: 796px) 100vw, 796px\" \/>\t\t\t\t\t\t\t\t\t\t\t\t\t\t\t<\/div>\n\t\t\t\t<div class=\"elementor-element elementor-element-35734f35 elementor-invisible elementor-widget elementor-widget-image\" data-id=\"35734f35\" data-element_type=\"widget\" data-e-type=\"widget\" data-settings=\"{&quot;_animation&quot;:&quot;fadeIn&quot;,&quot;_animation_delay&quot;:&quot;100&quot;}\" data-widget_type=\"image.default\">\n\t\t\t\t\t\t\t\t\t\t\t\t\t\t\t<img decoding=\"async\" width=\"1280\" height=\"825\" src=\"https:\/\/mr-shrink.com\/hr\/wp-content\/uploads\/2025\/09\/transport-img-2-1.jpg\" class=\"attachment-full size-full wp-image-1823\" alt=\"Industrial Shrink Wrap Film\" srcset=\"https:\/\/mr-shrink.com\/hr\/wp-content\/uploads\/2025\/09\/transport-img-2-1.jpg 1280w, https:\/\/mr-shrink.com\/hr\/wp-content\/uploads\/2025\/09\/transport-img-2-1-300x193.jpg 300w, https:\/\/mr-shrink.com\/hr\/wp-content\/uploads\/2025\/09\/transport-img-2-1-1024x660.jpg 1024w, https:\/\/mr-shrink.com\/hr\/wp-content\/uploads\/2025\/09\/transport-img-2-1-768x495.jpg 768w\" sizes=\"(max-width: 1280px) 100vw, 1280px\" \/>\t\t\t\t\t\t\t\t\t\t\t\t\t\t\t<\/div>\n\t\t\t\t<\/div>\n\t\t<div class=\"elementor-element elementor-element-3d7e78df e-con-full e-flex e-con e-child\" data-id=\"3d7e78df\" data-element_type=\"container\" data-e-type=\"container\">\n\t\t\t\t<div class=\"elementor-element elementor-element-29d86547 elementor-widget elementor-widget-heading\" data-id=\"29d86547\" data-element_type=\"widget\" data-e-type=\"widget\" data-widget_type=\"heading.default\">\n\t\t\t\t\t<h1 class=\"elementor-heading-title elementor-size-default\">Transport<\/h1>\t\t\t\t<\/div>\n\t\t\t\t<div class=\"elementor-element elementor-element-265f2611 uael-heading-align-left elementor-widget elementor-widget-uael-advanced-heading\" data-id=\"265f2611\" data-element_type=\"widget\" data-e-type=\"widget\" data-widget_type=\"uael-advanced-heading.default\">\n\t\t\t\t<div class=\"elementor-widget-container\">\n\t\t\t\t\t\n\t\t<div class=\"uael-module-content uael-heading-wrapper\">\n\t\t\t\t\t\t\n\t\t\t<h2 class=\"uael-heading\">\n\t\t\t\t\t\t\t\t\t\t<span class=\"uael-heading-text elementor-inline-editing uael-size--default\" data-elementor-setting-key=\"heading_title\" data-elementor-inline-editing-toolbar=\"basic\">Osigurajte Svoj Teret s Premium Industrijskom Shrink Wrap Folijom<\/span>\n\t\t\t\t\t\t\t<\/h2>\n\n\t\t\t\n\t\t\t\n\t\t\t\n\t\t\t\t\t\t<\/div>\n\t\t\t\t\t\t<\/div>\n\t\t\t\t<\/div>\n\t\t\t\t<div class=\"elementor-element elementor-element-26e6567a elementor-widget elementor-widget-text-editor\" data-id=\"26e6567a\" data-element_type=\"widget\" data-e-type=\"widget\" data-widget_type=\"text-editor.default\">\n\t\t\t\t\t\t\t\t\tPrijevoz opreme na velike udaljenosti zahtijeva pouzdano i \u010dvrsto pakiranje.\n Mr. Shrink nudi prijevozno orijentirana premium Shrink Wrap rje\u0161enja koja stabiliziraju i \u0161tite teret tijekom utovara, prijevoza i istovara.\n Od tvornice do kona\u010dnog odredi\u0161ta, osiguravamo da va\u0161i proizvodi stignu neo\u0161te\u0107eni, \u010disti, i spremni za upotrebu.\t\t\t\t\t\t\t\t<\/div>\n\t\t\t\t<\/div>\n\t\t\t\t\t<\/div>\n\t\t\t\t<\/div>\n\t\t<div class=\"elementor-element elementor-element-70785c69 e-flex e-con-boxed e-con e-parent\" data-id=\"70785c69\" data-element_type=\"container\" data-e-type=\"container\">\n\t\t\t\t\t<div class=\"e-con-inner\">\n\t\t<div class=\"elementor-element elementor-element-2c127142 e-con-full e-flex e-con e-child\" data-id=\"2c127142\" data-element_type=\"container\" data-e-type=\"container\">\n\t\t\t\t<div class=\"elementor-element elementor-element-52311115 uael-heading-align-left elementor-widget elementor-widget-uael-advanced-heading\" data-id=\"52311115\" data-element_type=\"widget\" data-e-type=\"widget\" data-widget_type=\"uael-advanced-heading.default\">\n\t\t\t\t<div class=\"elementor-widget-container\">\n\t\t\t\t\t\n\t\t<div class=\"uael-module-content uael-heading-wrapper\">\n\t\t\t\t\t\t\n\t\t\t<h2 class=\"uael-heading\">\n\t\t\t\t\t\t\t\t\t\t<span class=\"uael-heading-text elementor-inline-editing uael-size--default\" data-elementor-setting-key=\"heading_title\" data-elementor-inline-editing-toolbar=\"basic\">Pouzdana Za\u0161tita za Prijevoz i Skladi\u0161tenje<\/span>\n\t\t\t\t\t\t\t<\/h2>\n\n\t\t\t\n\t\t\t\n\t\t\t\n\t\t\t\t\t\t<\/div>\n\t\t\t\t\t\t<\/div>\n\t\t\t\t<\/div>\n\t\t\t\t<div class=\"elementor-element elementor-element-383168e elementor-widget elementor-widget-text-editor\" data-id=\"383168e\" data-element_type=\"widget\" data-e-type=\"widget\" data-widget_type=\"text-editor.default\">\n\t\t\t\t\t\t\t\t\tNa\u0161i prijevozni Shrink Wrap omoti osiguravaju da va\u0161a roba stigne sigurna i neo\u0161te\u0107ena:\t\t\t\t\t\t\t\t<\/div>\n\t\t\t\t<div class=\"elementor-element elementor-element-1bd18d59 elementor-icon-list--layout-traditional elementor-list-item-link-full_width elementor-widget elementor-widget-icon-list\" data-id=\"1bd18d59\" data-element_type=\"widget\" data-e-type=\"widget\" data-widget_type=\"icon-list.default\">\n\t\t\t\t\t\t\t<ul class=\"elementor-icon-list-items\">\n\t\t\t\t\t\t\t<li class=\"elementor-icon-list-item\">\n\t\t\t\t\t\t\t\t\t\t\t<span class=\"elementor-icon-list-icon\">\n\t\t\t\t\t\t\t<svg aria-hidden=\"true\" class=\"e-font-icon-svg e-fas-check-circle\" viewBox=\"0 0 512 512\" xmlns=\"http:\/\/www.w3.org\/2000\/svg\"><path d=\"M504 256c0 136.967-111.033 248-248 248S8 392.967 8 256 119.033 8 256 8s248 111.033 248 248zM227.314 387.314l184-184c6.248-6.248 6.248-16.379 0-22.627l-22.627-22.627c-6.248-6.249-16.379-6.249-22.628 0L216 308.118l-70.059-70.059c-6.248-6.248-16.379-6.248-22.628 0l-22.627 22.627c-6.248 6.248-6.248 16.379 0 22.627l104 104c6.249 6.249 16.379 6.249 22.628.001z\"><\/path><\/svg>\t\t\t\t\t\t<\/span>\n\t\t\t\t\t\t\t\t\t\t<span class=\"elementor-icon-list-text\">Izdr\u017eljivi i \u010cvrsti \u2013 podnose habanje i pomicanje tereta tijekom prijevoza.<\/span>\n\t\t\t\t\t\t\t\t\t<\/li>\n\t\t\t\t\t\t\t\t<li class=\"elementor-icon-list-item\">\n\t\t\t\t\t\t\t\t\t\t\t<span class=\"elementor-icon-list-icon\">\n\t\t\t\t\t\t\t<svg aria-hidden=\"true\" class=\"e-font-icon-svg e-fas-check-circle\" viewBox=\"0 0 512 512\" xmlns=\"http:\/\/www.w3.org\/2000\/svg\"><path d=\"M504 256c0 136.967-111.033 248-248 248S8 392.967 8 256 119.033 8 256 8s248 111.033 248 248zM227.314 387.314l184-184c6.248-6.248 6.248-16.379 0-22.627l-22.627-22.627c-6.248-6.249-16.379-6.249-22.628 0L216 308.118l-70.059-70.059c-6.248-6.248-16.379-6.248-22.628 0l-22.627 22.627c-6.248 6.248-6.248 16.379 0 22.627l104 104c6.249 6.249 16.379 6.249 22.628.001z\"><\/path><\/svg>\t\t\t\t\t\t<\/span>\n\t\t\t\t\t\t\t\t\t\t<span class=\"elementor-icon-list-text\">Vodootporni \u2013 idealni za potrebe izlo\u017eenog prijevoza, \u0161tite robu od vremenskih uvjeta.<\/span>\n\t\t\t\t\t\t\t\t\t<\/li>\n\t\t\t\t\t\t\t\t<li class=\"elementor-icon-list-item\">\n\t\t\t\t\t\t\t\t\t\t\t<span class=\"elementor-icon-list-icon\">\n\t\t\t\t\t\t\t<svg aria-hidden=\"true\" class=\"e-font-icon-svg e-fas-check-circle\" viewBox=\"0 0 512 512\" xmlns=\"http:\/\/www.w3.org\/2000\/svg\"><path d=\"M504 256c0 136.967-111.033 248-248 248S8 392.967 8 256 119.033 8 256 8s248 111.033 248 248zM227.314 387.314l184-184c6.248-6.248 6.248-16.379 0-22.627l-22.627-22.627c-6.248-6.249-16.379-6.249-22.628 0L216 308.118l-70.059-70.059c-6.248-6.248-16.379-6.248-22.628 0l-22.627 22.627c-6.248 6.248-6.248 16.379 0 22.627l104 104c6.249 6.249 16.379 6.249 22.628.001z\"><\/path><\/svg>\t\t\t\t\t\t<\/span>\n\t\t\t\t\t\t\t\t\t\t<span class=\"elementor-icon-list-text\">Prilago\u0111eni slo\u017eenim oblicima i velikim dijelovima \u2013 savr\u0161eni za strojeve, velike komponente i neobi\u010dno oblikovane objekte.<\/span>\n\t\t\t\t\t\t\t\t\t<\/li>\n\t\t\t\t\t\t\t\t<li class=\"elementor-icon-list-item\">\n\t\t\t\t\t\t\t\t\t\t\t<span class=\"elementor-icon-list-icon\">\n\t\t\t\t\t\t\t<svg aria-hidden=\"true\" class=\"e-font-icon-svg e-fas-check-circle\" viewBox=\"0 0 512 512\" xmlns=\"http:\/\/www.w3.org\/2000\/svg\"><path d=\"M504 256c0 136.967-111.033 248-248 248S8 392.967 8 256 119.033 8 256 8s248 111.033 248 248zM227.314 387.314l184-184c6.248-6.248 6.248-16.379 0-22.627l-22.627-22.627c-6.248-6.249-16.379-6.249-22.628 0L216 308.118l-70.059-70.059c-6.248-6.248-16.379-6.248-22.628 0l-22.627 22.627c-6.248 6.248-6.248 16.379 0 22.627l104 104c6.249 6.249 16.379 6.249 22.628.001z\"><\/path><\/svg>\t\t\t\t\t\t<\/span>\n\t\t\t\t\t\t\t\t\t\t<span class=\"elementor-icon-list-text\">UV za\u0161tita za dugoro\u010dno skladi\u0161tenje \u2013 Shrink Wrap folija \u0161titi robu tijekom dugih perioda skladi\u0161tenja, \u010dak i na otvorenom.<\/span>\n\t\t\t\t\t\t\t\t\t<\/li>\n\t\t\t\t\t\t<\/ul>\n\t\t\t\t\t\t<\/div>\n\t\t\t\t<div class=\"elementor-element elementor-element-3dbed0e1 elementor-widget elementor-widget-text-editor\" data-id=\"3dbed0e1\" data-element_type=\"widget\" data-e-type=\"widget\" data-widget_type=\"text-editor.default\">\n\t\t\t\t\t\t\t\t\tBilo da \u0161aljete robu unutar zemlje ili preko granica, na\u0161a pakiranja ispunjavaju logisti\u010dke standarde i sprije\u010davaju skupa o\u0161te\u0107enja.\t\t\t\t\t\t\t\t<\/div>\n\t\t\t\t<\/div>\n\t\t<div class=\"elementor-element elementor-element-46674cbc e-con-full e-flex e-con e-child\" data-id=\"46674cbc\" data-element_type=\"container\" data-e-type=\"container\">\n\t\t\t\t<div class=\"elementor-element elementor-element-5c4798bd elementor-invisible elementor-widget elementor-widget-image\" data-id=\"5c4798bd\" data-element_type=\"widget\" data-e-type=\"widget\" data-settings=\"{&quot;_animation&quot;:&quot;fadeIn&quot;}\" data-widget_type=\"image.default\">\n\t\t\t\t\t\t\t\t\t\t\t\t\t\t\t<img decoding=\"async\" width=\"1280\" height=\"960\" src=\"https:\/\/mr-shrink.com\/hr\/wp-content\/uploads\/2025\/09\/transport-reliable-protection-img1-1.jpg\" class=\"attachment-full size-full wp-image-1824\" alt=\"\" srcset=\"https:\/\/mr-shrink.com\/hr\/wp-content\/uploads\/2025\/09\/transport-reliable-protection-img1-1.jpg 1280w, https:\/\/mr-shrink.com\/hr\/wp-content\/uploads\/2025\/09\/transport-reliable-protection-img1-1-300x225.jpg 300w, https:\/\/mr-shrink.com\/hr\/wp-content\/uploads\/2025\/09\/transport-reliable-protection-img1-1-1024x768.jpg 1024w, https:\/\/mr-shrink.com\/hr\/wp-content\/uploads\/2025\/09\/transport-reliable-protection-img1-1-768x576.jpg 768w\" sizes=\"(max-width: 1280px) 100vw, 1280px\" \/>\t\t\t\t\t\t\t\t\t\t\t\t\t\t\t<\/div>\n\t\t\t\t<div class=\"elementor-element elementor-element-35159258 elementor-invisible elementor-widget elementor-widget-image\" data-id=\"35159258\" data-element_type=\"widget\" data-e-type=\"widget\" data-settings=\"{&quot;_animation&quot;:&quot;fadeIn&quot;,&quot;_animation_delay&quot;:&quot;100&quot;}\" data-widget_type=\"image.default\">\n\t\t\t\t\t\t\t\t\t\t\t\t\t\t\t<img loading=\"lazy\" decoding=\"async\" width=\"640\" height=\"480\" src=\"https:\/\/mr-shrink.com\/hr\/wp-content\/uploads\/2025\/09\/transport-reliable-protection-img2-1.jpg\" class=\"attachment-full size-full wp-image-1825\" alt=\"\" srcset=\"https:\/\/mr-shrink.com\/hr\/wp-content\/uploads\/2025\/09\/transport-reliable-protection-img2-1.jpg 640w, https:\/\/mr-shrink.com\/hr\/wp-content\/uploads\/2025\/09\/transport-reliable-protection-img2-1-300x225.jpg 300w\" sizes=\"(max-width: 640px) 100vw, 640px\" \/>\t\t\t\t\t\t\t\t\t\t\t\t\t\t\t<\/div>\n\t\t\t\t<\/div>\n\t\t\t\t\t<\/div>\n\t\t\t\t<\/div>\n\t\t<div class=\"elementor-element elementor-element-3195281f e-con-full e-flex e-con e-parent\" data-id=\"3195281f\" data-element_type=\"container\" data-e-type=\"container\" data-settings=\"{&quot;background_background&quot;:&quot;classic&quot;}\">\n\t\t\t\t<div class=\"elementor-element elementor-element-600f448f elementor-widget elementor-widget-template\" data-id=\"600f448f\" data-element_type=\"widget\" data-e-type=\"widget\" data-widget_type=\"template.default\">\n\t\t\t\t<div class=\"elementor-widget-container\">\n\t\t\t\t\t\t\t<div class=\"elementor-template\">\n\t\t\t\t\t<div data-elementor-type=\"container\" data-elementor-id=\"330\" class=\"elementor elementor-330\" data-elementor-post-type=\"elementor_library\">\n\t\t\t\t<div class=\"elementor-element elementor-element-187404d2 e-flex e-con-boxed e-con e-child\" data-id=\"187404d2\" data-element_type=\"container\" data-e-type=\"container\" data-settings=\"{&quot;background_background&quot;:&quot;classic&quot;}\">\n\t\t\t\t\t<div class=\"e-con-inner\">\n\t\t\t\t<div class=\"elementor-element elementor-element-390d5b77 elementor-widget elementor-widget-heading\" data-id=\"390d5b77\" data-element_type=\"widget\" data-e-type=\"widget\" data-widget_type=\"heading.default\">\n\t\t\t\t\t<h2 class=\"elementor-heading-title elementor-size-default\">Spremni za\u0161tititi svoju imovinu  <br class=\"dsk-br\">Premium Industrijskom Shrink Wrap Folijom?<\/h2>\t\t\t\t<\/div>\n\t\t\t\t<div class=\"elementor-element elementor-element-3a2a6a8f elementor-align-center elementor-widget elementor-widget-button\" data-id=\"3a2a6a8f\" data-element_type=\"widget\" data-e-type=\"widget\" data-widget_type=\"button.default\">\n\t\t\t\t\t\t\t\t\t\t<a class=\"elementor-button elementor-button-link elementor-size-sm\" href=\"\/hr\/contact\/\">\n\t\t\t\t\t\t<span class=\"elementor-button-content-wrapper\">\n\t\t\t\t\t\t<span class=\"elementor-button-icon\">\n\t\t\t\t<svg aria-hidden=\"true\" class=\"e-font-icon-svg e-fas-chevron-circle-right\" viewBox=\"0 0 512 512\" xmlns=\"http:\/\/www.w3.org\/2000\/svg\"><path d=\"M256 8c137 0 248 111 248 248S393 504 256 504 8 393 8 256 119 8 256 8zm113.9 231L234.4 103.5c-9.4-9.4-24.6-9.4-33.9 0l-17 17c-9.4 9.4-9.4 24.6 0 33.9L285.1 256 183.5 357.6c-9.4 9.4-9.4 24.6 0 33.9l17 17c9.4 9.4 24.6 9.4 33.9 0L369.9 273c9.4-9.4 9.4-24.6 0-34z\"><\/path><\/svg>\t\t\t<\/span>\n\t\t\t\t\t\t\t\t\t<span class=\"elementor-button-text\">Kontaktirajte Nas<\/span>\n\t\t\t\t\t<\/span>\n\t\t\t\t\t<\/a>\n\t\t\t\t\t\t\t\t<\/div>\n\t\t\t\t\t<\/div>\n\t\t\t\t<\/div>\n\t\t\t\t<\/div>\n\t\t\t\t<\/div>\n\t\t\t\t\t\t<\/div>\n\t\t\t\t<\/div>\n\t\t\t\t<\/div>\n\t\t\t\t<\/div>\n\t\t","protected":false},"excerpt":{"rendered":"<p>Osigurajte Svoj Teret s Premium Industrijskom Shrink Wrap Folijom Prijevoz opreme na velike udaljenosti zahtijeva pouzdano i \u010dvrsto pakiranje. Mr. [&hellip;]<\/p>\n","protected":false},"author":1,"featured_media":0,"parent":0,"menu_order":0,"comment_status":"closed","ping_status":"closed","template":"elementor_theme","meta":{"site-sidebar-layout":"no-sidebar","site-content-layout":"","ast-site-content-layout":"full-width-container","site-content-style":"default","site-sidebar-style":"default","ast-global-header-display":"","ast-banner-title-visibility":"","ast-main-header-display":"","ast-hfb-above-header-display":"","ast-hfb-below-header-display":"","ast-hfb-mobile-header-display":"","site-post-title":"disabled","ast-breadcrumbs-content":"","ast-featured-img":"disabled","footer-sml-layout":"","ast-disable-related-posts":"","theme-transparent-header-meta":"","adv-header-id-meta":"","stick-header-meta":"","header-above-stick-meta":"","header-main-stick-meta":"","header-below-stick-meta":"","astra-migrate-meta-layouts":"default","ast-page-background-enabled":"default","ast-page-background-meta":null,"ast-content-background-meta":null,"footnotes":""},"class_list":["post-1821","page","type-page","status-publish","hentry"],"yoast_head":"<!-- This site is optimized with the Yoast SEO Premium plugin v27.2 (Yoast SEO v27.2) - https:\/\/yoast.com\/product\/yoast-seo-premium-wordpress\/ -->\n<title>Shrink wrap transportna zastita tereta u Hrvatskoj i Europi.<\/title>\n<meta name=\"description\" content=\"Shrink wrap folija, shrink wrap transportno pakiranje tereta, za\u0161tita transporta od korozije i o\u0161te\u0107enja, shrink wrap usluge pakiranja tereta u Hrvatskoj i EU.\" \/>\n<meta name=\"robots\" content=\"index, follow, max-snippet:-1, max-image-preview:large, max-video-preview:-1\" \/>\n<link rel=\"canonical\" href=\"https:\/\/mr-shrink.com\/hr\/transport\/\" \/>\n<meta property=\"og:locale\" content=\"en_US\" \/>\n<meta property=\"og:type\" content=\"article\" \/>\n<meta property=\"og:title\" content=\"Transport\" \/>\n<meta property=\"og:description\" content=\"Shrink wrap folija, shrink wrap transportno pakiranje tereta, za\u0161tita transporta od korozije i o\u0161te\u0107enja, shrink wrap usluge pakiranja tereta u Hrvatskoj i EU.\" \/>\n<meta property=\"og:url\" content=\"https:\/\/mr-shrink.com\/hr\/transport\/\" \/>\n<meta property=\"og:site_name\" content=\"Mr Shrink\" \/>\n<meta property=\"article:modified_time\" content=\"2025-11-26T01:08:14+00:00\" \/>\n<meta property=\"og:image\" content=\"https:\/\/mr-shrink.com\/hr\/wp-content\/uploads\/2025\/09\/transport-img-3-1.jpg\" \/>\n<meta name=\"twitter:card\" content=\"summary_large_image\" \/>\n<meta name=\"twitter:label1\" content=\"Est. reading time\" \/>\n\t<meta name=\"twitter:data1\" content=\"2 minutes\" \/>\n<script type=\"application\/ld+json\" class=\"yoast-schema-graph\">{\"@context\":\"https:\/\/schema.org\",\"@graph\":[{\"@type\":\"WebPage\",\"@id\":\"https:\/\/mr-shrink.com\/hr\/transport\/\",\"url\":\"https:\/\/mr-shrink.com\/hr\/transport\/\",\"name\":\"Shrink wrap transportna zastita tereta u Hrvatskoj i Europi.\",\"isPartOf\":{\"@id\":\"https:\/\/mr-shrink.com\/hr\/#website\"},\"primaryImageOfPage\":{\"@id\":\"https:\/\/mr-shrink.com\/hr\/transport\/#primaryimage\"},\"image\":{\"@id\":\"https:\/\/mr-shrink.com\/hr\/transport\/#primaryimage\"},\"thumbnailUrl\":\"https:\/\/mr-shrink.com\/hr\/wp-content\/uploads\/2025\/09\/transport-img-3-1.jpg\",\"datePublished\":\"2025-09-26T00:22:27+00:00\",\"dateModified\":\"2025-11-26T01:08:14+00:00\",\"description\":\"Shrink wrap folija, shrink wrap transportno pakiranje tereta, za\u0161tita transporta od korozije i o\u0161te\u0107enja, shrink wrap usluge pakiranja tereta u Hrvatskoj i EU.\",\"breadcrumb\":{\"@id\":\"https:\/\/mr-shrink.com\/hr\/transport\/#breadcrumb\"},\"inLanguage\":\"en-US\",\"potentialAction\":[{\"@type\":\"ReadAction\",\"target\":[\"https:\/\/mr-shrink.com\/hr\/transport\/\"]}]},{\"@type\":\"ImageObject\",\"inLanguage\":\"en-US\",\"@id\":\"https:\/\/mr-shrink.com\/hr\/transport\/#primaryimage\",\"url\":\"https:\/\/mr-shrink.com\/hr\/wp-content\/uploads\/2025\/09\/transport-img-3-1.jpg\",\"contentUrl\":\"https:\/\/mr-shrink.com\/hr\/wp-content\/uploads\/2025\/09\/transport-img-3-1.jpg\",\"width\":796,\"height\":700},{\"@type\":\"BreadcrumbList\",\"@id\":\"https:\/\/mr-shrink.com\/hr\/transport\/#breadcrumb\",\"itemListElement\":[{\"@type\":\"ListItem\",\"position\":1,\"name\":\"Home\",\"item\":\"https:\/\/mr-shrink.com\/hr\/\"},{\"@type\":\"ListItem\",\"position\":2,\"name\":\"Transport\"}]},{\"@type\":\"WebSite\",\"@id\":\"https:\/\/mr-shrink.com\/hr\/#website\",\"url\":\"https:\/\/mr-shrink.com\/hr\/\",\"name\":\"Mr Shrink\",\"description\":\"Shrink wrap supplier and services\",\"publisher\":{\"@id\":\"https:\/\/mr-shrink.com\/hr\/#organization\"},\"potentialAction\":[{\"@type\":\"SearchAction\",\"target\":{\"@type\":\"EntryPoint\",\"urlTemplate\":\"https:\/\/mr-shrink.com\/hr\/?s={search_term_string}\"},\"query-input\":{\"@type\":\"PropertyValueSpecification\",\"valueRequired\":true,\"valueName\":\"search_term_string\"}}],\"inLanguage\":\"en-US\"},{\"@type\":\"Organization\",\"@id\":\"https:\/\/mr-shrink.com\/hr\/#organization\",\"name\":\"Mr Shrink\",\"url\":\"https:\/\/mr-shrink.com\/hr\/\",\"logo\":{\"@type\":\"ImageObject\",\"inLanguage\":\"en-US\",\"@id\":\"https:\/\/mr-shrink.com\/hr\/#\/schema\/logo\/image\/\",\"url\":\"https:\/\/mr-shrink.com\/hr\/wp-content\/uploads\/2025\/09\/logo-1.png\",\"contentUrl\":\"https:\/\/mr-shrink.com\/hr\/wp-content\/uploads\/2025\/09\/logo-1.png\",\"width\":160,\"height\":135,\"caption\":\"Mr Shrink\"},\"image\":{\"@id\":\"https:\/\/mr-shrink.com\/hr\/#\/schema\/logo\/image\/\"}}]}<\/script>\n<!-- \/ Yoast SEO Premium plugin. -->","yoast_head_json":{"title":"Shrink wrap transportna zastita tereta u Hrvatskoj i Europi.","description":"Shrink wrap folija, shrink wrap transportno pakiranje tereta, za\u0161tita transporta od korozije i o\u0161te\u0107enja, shrink wrap usluge pakiranja tereta u Hrvatskoj i EU.","robots":{"index":"index","follow":"follow","max-snippet":"max-snippet:-1","max-image-preview":"max-image-preview:large","max-video-preview":"max-video-preview:-1"},"canonical":"https:\/\/mr-shrink.com\/hr\/transport\/","og_locale":"en_US","og_type":"article","og_title":"Transport","og_description":"Shrink wrap folija, shrink wrap transportno pakiranje tereta, za\u0161tita transporta od korozije i o\u0161te\u0107enja, shrink wrap usluge pakiranja tereta u Hrvatskoj i EU.","og_url":"https:\/\/mr-shrink.com\/hr\/transport\/","og_site_name":"Mr Shrink","article_modified_time":"2025-11-26T01:08:14+00:00","og_image":[{"url":"https:\/\/mr-shrink.com\/hr\/wp-content\/uploads\/2025\/09\/transport-img-3-1.jpg","type":"","width":"","height":""}],"twitter_card":"summary_large_image","twitter_misc":{"Est. reading time":"2 minutes"},"schema":{"@context":"https:\/\/schema.org","@graph":[{"@type":"WebPage","@id":"https:\/\/mr-shrink.com\/hr\/transport\/","url":"https:\/\/mr-shrink.com\/hr\/transport\/","name":"Shrink wrap transportna zastita tereta u Hrvatskoj i Europi.","isPartOf":{"@id":"https:\/\/mr-shrink.com\/hr\/#website"},"primaryImageOfPage":{"@id":"https:\/\/mr-shrink.com\/hr\/transport\/#primaryimage"},"image":{"@id":"https:\/\/mr-shrink.com\/hr\/transport\/#primaryimage"},"thumbnailUrl":"https:\/\/mr-shrink.com\/hr\/wp-content\/uploads\/2025\/09\/transport-img-3-1.jpg","datePublished":"2025-09-26T00:22:27+00:00","dateModified":"2025-11-26T01:08:14+00:00","description":"Shrink wrap folija, shrink wrap transportno pakiranje tereta, za\u0161tita transporta od korozije i o\u0161te\u0107enja, shrink wrap usluge pakiranja tereta u Hrvatskoj i EU.","breadcrumb":{"@id":"https:\/\/mr-shrink.com\/hr\/transport\/#breadcrumb"},"inLanguage":"en-US","potentialAction":[{"@type":"ReadAction","target":["https:\/\/mr-shrink.com\/hr\/transport\/"]}]},{"@type":"ImageObject","inLanguage":"en-US","@id":"https:\/\/mr-shrink.com\/hr\/transport\/#primaryimage","url":"https:\/\/mr-shrink.com\/hr\/wp-content\/uploads\/2025\/09\/transport-img-3-1.jpg","contentUrl":"https:\/\/mr-shrink.com\/hr\/wp-content\/uploads\/2025\/09\/transport-img-3-1.jpg","width":796,"height":700},{"@type":"BreadcrumbList","@id":"https:\/\/mr-shrink.com\/hr\/transport\/#breadcrumb","itemListElement":[{"@type":"ListItem","position":1,"name":"Home","item":"https:\/\/mr-shrink.com\/hr\/"},{"@type":"ListItem","position":2,"name":"Transport"}]},{"@type":"WebSite","@id":"https:\/\/mr-shrink.com\/hr\/#website","url":"https:\/\/mr-shrink.com\/hr\/","name":"Mr Shrink","description":"Shrink wrap supplier and services","publisher":{"@id":"https:\/\/mr-shrink.com\/hr\/#organization"},"potentialAction":[{"@type":"SearchAction","target":{"@type":"EntryPoint","urlTemplate":"https:\/\/mr-shrink.com\/hr\/?s={search_term_string}"},"query-input":{"@type":"PropertyValueSpecification","valueRequired":true,"valueName":"search_term_string"}}],"inLanguage":"en-US"},{"@type":"Organization","@id":"https:\/\/mr-shrink.com\/hr\/#organization","name":"Mr Shrink","url":"https:\/\/mr-shrink.com\/hr\/","logo":{"@type":"ImageObject","inLanguage":"en-US","@id":"https:\/\/mr-shrink.com\/hr\/#\/schema\/logo\/image\/","url":"https:\/\/mr-shrink.com\/hr\/wp-content\/uploads\/2025\/09\/logo-1.png","contentUrl":"https:\/\/mr-shrink.com\/hr\/wp-content\/uploads\/2025\/09\/logo-1.png","width":160,"height":135,"caption":"Mr Shrink"},"image":{"@id":"https:\/\/mr-shrink.com\/hr\/#\/schema\/logo\/image\/"}}]}},"_links":{"self":[{"href":"https:\/\/mr-shrink.com\/hr\/wp-json\/wp\/v2\/pages\/1821","targetHints":{"allow":["GET"]}}],"collection":[{"href":"https:\/\/mr-shrink.com\/hr\/wp-json\/wp\/v2\/pages"}],"about":[{"href":"https:\/\/mr-shrink.com\/hr\/wp-json\/wp\/v2\/types\/page"}],"author":[{"embeddable":true,"href":"https:\/\/mr-shrink.com\/hr\/wp-json\/wp\/v2\/users\/1"}],"replies":[{"embeddable":true,"href":"https:\/\/mr-shrink.com\/hr\/wp-json\/wp\/v2\/comments?post=1821"}],"version-history":[{"count":16,"href":"https:\/\/mr-shrink.com\/hr\/wp-json\/wp\/v2\/pages\/1821\/revisions"}],"predecessor-version":[{"id":2184,"href":"https:\/\/mr-shrink.com\/hr\/wp-json\/wp\/v2\/pages\/1821\/revisions\/2184"}],"wp:attachment":[{"href":"https:\/\/mr-shrink.com\/hr\/wp-json\/wp\/v2\/media?parent=1821"}],"curies":[{"name":"wp","href":"https:\/\/api.w.org\/{rel}","templated":true}]}}