{"id":1828,"date":"2025-09-26T10:22:28","date_gmt":"2025-09-26T00:22:28","guid":{"rendered":"https:\/\/mrshrink.spinstaging.com\/hr\/industry\/"},"modified":"2025-11-26T11:14:46","modified_gmt":"2025-11-26T01:14:46","slug":"industry","status":"publish","type":"page","link":"https:\/\/mr-shrink.com\/hr\/industry\/","title":{"rendered":"Industry"},"content":{"rendered":"\t\t<div data-elementor-type=\"wp-page\" data-elementor-id=\"1828\" class=\"elementor elementor-1828\" data-elementor-post-type=\"page\">\n\t\t\t\t<div class=\"elementor-element elementor-element-a1ceb48 e-flex e-con-boxed e-con e-parent\" data-id=\"a1ceb48\" data-element_type=\"container\" data-e-type=\"container\">\n\t\t\t\t\t<div class=\"e-con-inner\">\n\t\t<div class=\"elementor-element elementor-element-71b720e8 e-con-full e-flex e-con e-child\" data-id=\"71b720e8\" data-element_type=\"container\" data-e-type=\"container\">\n\t\t\t\t<div class=\"elementor-element elementor-element-1119a350 elementor-invisible elementor-widget elementor-widget-image\" data-id=\"1119a350\" data-element_type=\"widget\" data-e-type=\"widget\" data-settings=\"{&quot;_animation&quot;:&quot;fadeIn&quot;}\" data-widget_type=\"image.default\">\n\t\t\t\t\t\t\t\t\t\t\t\t\t\t\t<img fetchpriority=\"high\" decoding=\"async\" width=\"768\" height=\"511\" src=\"https:\/\/mr-shrink.com\/hr\/wp-content\/uploads\/2025\/09\/industry-img-1-1.jpg\" class=\"attachment-full size-full wp-image-1829\" alt=\"\" srcset=\"https:\/\/mr-shrink.com\/hr\/wp-content\/uploads\/2025\/09\/industry-img-1-1.jpg 768w, https:\/\/mr-shrink.com\/hr\/wp-content\/uploads\/2025\/09\/industry-img-1-1-300x200.jpg 300w\" sizes=\"(max-width: 768px) 100vw, 768px\" \/>\t\t\t\t\t\t\t\t\t\t\t\t\t\t\t<\/div>\n\t\t\t\t<div class=\"elementor-element elementor-element-123ec263 elementor-invisible elementor-widget elementor-widget-image\" data-id=\"123ec263\" data-element_type=\"widget\" data-e-type=\"widget\" data-settings=\"{&quot;_animation&quot;:&quot;fadeIn&quot;,&quot;_animation_delay&quot;:&quot;100&quot;}\" data-widget_type=\"image.default\">\n\t\t\t\t\t\t\t\t\t\t\t\t\t\t\t<img decoding=\"async\" width=\"1024\" height=\"765\" src=\"https:\/\/mr-shrink.com\/hr\/wp-content\/uploads\/2025\/09\/industry-img-2-1.jpg\" class=\"attachment-full size-full wp-image-1830\" alt=\"\" srcset=\"https:\/\/mr-shrink.com\/hr\/wp-content\/uploads\/2025\/09\/industry-img-2-1.jpg 1024w, https:\/\/mr-shrink.com\/hr\/wp-content\/uploads\/2025\/09\/industry-img-2-1-300x224.jpg 300w, https:\/\/mr-shrink.com\/hr\/wp-content\/uploads\/2025\/09\/industry-img-2-1-768x574.jpg 768w\" sizes=\"(max-width: 1024px) 100vw, 1024px\" \/>\t\t\t\t\t\t\t\t\t\t\t\t\t\t\t<\/div>\n\t\t\t\t<\/div>\n\t\t<div class=\"elementor-element elementor-element-5c11ab9d e-con-full e-flex e-con e-child\" data-id=\"5c11ab9d\" data-element_type=\"container\" data-e-type=\"container\">\n\t\t\t\t<div class=\"elementor-element elementor-element-245331d5 elementor-widget elementor-widget-heading\" data-id=\"245331d5\" data-element_type=\"widget\" data-e-type=\"widget\" data-widget_type=\"heading.default\">\n\t\t\t\t\t<h1 class=\"elementor-heading-title elementor-size-default\">Industry<\/h1>\t\t\t\t<\/div>\n\t\t\t\t<div class=\"elementor-element elementor-element-76843998 uael-heading-align-left elementor-widget elementor-widget-uael-advanced-heading\" data-id=\"76843998\" data-element_type=\"widget\" data-e-type=\"widget\" data-widget_type=\"uael-advanced-heading.default\">\n\t\t\t\t<div class=\"elementor-widget-container\">\n\t\t\t\t\t\n\t\t<div class=\"uael-module-content uael-heading-wrapper\">\n\t\t\t\t\t\t\n\t\t\t<h2 class=\"uael-heading\">\n\t\t\t\t\t\t\t\t\t\t<span class=\"uael-heading-text elementor-inline-editing uael-size--default\" data-elementor-setting-key=\"heading_title\" data-elementor-inline-editing-toolbar=\"basic\">Premium Shrink Wrap Rje\u0161enja za Industrijsku Opremu i Proizvode\n<\/span>\n\t\t\t\t\t\t\t<\/h2>\n\n\t\t\t\n\t\t\t\n\t\t\t\n\t\t\t\t\t\t<\/div>\n\t\t\t\t\t\t<\/div>\n\t\t\t\t<\/div>\n\t\t\t\t<div class=\"elementor-element elementor-element-2147f674 elementor-widget elementor-widget-text-editor\" data-id=\"2147f674\" data-element_type=\"widget\" data-e-type=\"widget\" data-widget_type=\"text-editor.default\">\n\t\t\t\t\t\t\t\t\t<p>U industrijskom sektoru, za\u0161tita velikih strojeva i osjetljive opreme tijekom skladi\u0161tenja ili prijevoza presudna je za o\u010duvanje vrijednosti i funkcionalnosti.<br \/>Mr. Shrink nudi premium industrijsku Shrink Wrap foliju i stru\u010dnu instalaciju, posebno razvijenu za zahtjevne i te\u0161ke primjene.<\/p><p>Sura\u0111ujemo s proizvo\u0111a\u010dima, izvoznicima i logisti\u010dkim timovima kako bismo pouzdano omotali:<\/p>\t\t\t\t\t\t\t\t<\/div>\n\t\t\t\t<div class=\"elementor-element elementor-element-33f2eb9c elementor-icon-list--layout-traditional elementor-list-item-link-full_width elementor-widget elementor-widget-icon-list\" data-id=\"33f2eb9c\" data-element_type=\"widget\" data-e-type=\"widget\" data-widget_type=\"icon-list.default\">\n\t\t\t\t\t\t\t<ul class=\"elementor-icon-list-items\">\n\t\t\t\t\t\t\t<li class=\"elementor-icon-list-item\">\n\t\t\t\t\t\t\t\t\t\t\t<span class=\"elementor-icon-list-icon\">\n\t\t\t\t\t\t\t<svg aria-hidden=\"true\" class=\"e-font-icon-svg e-fas-check-circle\" viewBox=\"0 0 512 512\" xmlns=\"http:\/\/www.w3.org\/2000\/svg\"><path d=\"M504 256c0 136.967-111.033 248-248 248S8 392.967 8 256 119.033 8 256 8s248 111.033 248 248zM227.314 387.314l184-184c6.248-6.248 6.248-16.379 0-22.627l-22.627-22.627c-6.248-6.249-16.379-6.249-22.628 0L216 308.118l-70.059-70.059c-6.248-6.248-16.379-6.248-22.628 0l-22.627 22.627c-6.248 6.248-6.248 16.379 0 22.627l104 104c6.249 6.249 16.379 6.249 22.628.001z\"><\/path><\/svg>\t\t\t\t\t\t<\/span>\n\t\t\t\t\t\t\t\t\t\t<span class=\"elementor-icon-list-text\">Kotlove, HVAC sustave i izmjenjiva\u010de topline<\/span>\n\t\t\t\t\t\t\t\t\t<\/li>\n\t\t\t\t\t\t\t\t<li class=\"elementor-icon-list-item\">\n\t\t\t\t\t\t\t\t\t\t\t<span class=\"elementor-icon-list-icon\">\n\t\t\t\t\t\t\t<svg aria-hidden=\"true\" class=\"e-font-icon-svg e-fas-check-circle\" viewBox=\"0 0 512 512\" xmlns=\"http:\/\/www.w3.org\/2000\/svg\"><path d=\"M504 256c0 136.967-111.033 248-248 248S8 392.967 8 256 119.033 8 256 8s248 111.033 248 248zM227.314 387.314l184-184c6.248-6.248 6.248-16.379 0-22.627l-22.627-22.627c-6.248-6.249-16.379-6.249-22.628 0L216 308.118l-70.059-70.059c-6.248-6.248-16.379-6.248-22.628 0l-22.627 22.627c-6.248 6.248-6.248 16.379 0 22.627l104 104c6.249 6.249 16.379 6.249 22.628.001z\"><\/path><\/svg>\t\t\t\t\t\t<\/span>\n\t\t\t\t\t\t\t\t\t\t<span class=\"elementor-icon-list-text\">Proizvodne linije i automatizirane komponente<\/span>\n\t\t\t\t\t\t\t\t\t<\/li>\n\t\t\t\t\t\t\t\t<li class=\"elementor-icon-list-item\">\n\t\t\t\t\t\t\t\t\t\t\t<span class=\"elementor-icon-list-icon\">\n\t\t\t\t\t\t\t<svg aria-hidden=\"true\" class=\"e-font-icon-svg e-fas-check-circle\" viewBox=\"0 0 512 512\" xmlns=\"http:\/\/www.w3.org\/2000\/svg\"><path d=\"M504 256c0 136.967-111.033 248-248 248S8 392.967 8 256 119.033 8 256 8s248 111.033 248 248zM227.314 387.314l184-184c6.248-6.248 6.248-16.379 0-22.627l-22.627-22.627c-6.248-6.249-16.379-6.249-22.628 0L216 308.118l-70.059-70.059c-6.248-6.248-16.379-6.248-22.628 0l-22.627 22.627c-6.248 6.248-6.248 16.379 0 22.627l104 104c6.249 6.249 16.379 6.249 22.628.001z\"><\/path><\/svg>\t\t\t\t\t\t<\/span>\n\t\t\t\t\t\t\t\t\t\t<span class=\"elementor-icon-list-text\">Sirovine i industrijske proizvode<\/span>\n\t\t\t\t\t\t\t\t\t<\/li>\n\t\t\t\t\t\t\t\t<li class=\"elementor-icon-list-item\">\n\t\t\t\t\t\t\t\t\t\t\t<span class=\"elementor-icon-list-icon\">\n\t\t\t\t\t\t\t<svg aria-hidden=\"true\" class=\"e-font-icon-svg e-fas-check-circle\" viewBox=\"0 0 512 512\" xmlns=\"http:\/\/www.w3.org\/2000\/svg\"><path d=\"M504 256c0 136.967-111.033 248-248 248S8 392.967 8 256 119.033 8 256 8s248 111.033 248 248zM227.314 387.314l184-184c6.248-6.248 6.248-16.379 0-22.627l-22.627-22.627c-6.248-6.249-16.379-6.249-22.628 0L216 308.118l-70.059-70.059c-6.248-6.248-16.379-6.248-22.628 0l-22.627 22.627c-6.248 6.248-6.248 16.379 0 22.627l104 104c6.249 6.249 16.379 6.249 22.628.001z\"><\/path><\/svg>\t\t\t\t\t\t<\/span>\n\t\t\t\t\t\t\t\t\t\t<span class=\"elementor-icon-list-text\">Velike i nepravilno oblikovane objekte, uklju\u010duju\u0107i module i kontejnere<\/span>\n\t\t\t\t\t\t\t\t\t<\/li>\n\t\t\t\t\t\t<\/ul>\n\t\t\t\t\t\t<\/div>\n\t\t\t\t<div class=\"elementor-element elementor-element-87f9315 elementor-widget elementor-widget-text-editor\" data-id=\"87f9315\" data-element_type=\"widget\" data-e-type=\"widget\" data-widget_type=\"text-editor.default\">\n\t\t\t\t\t\t\t\t\tNa\u0161a rje\u0161enja osiguravaju siguran transport i skladi\u0161tenje, smanjuju rizik od o\u0161te\u0107enja i omogu\u0107uju da va\u0161a industrijska oprema ostane savr\u0161eno prezervirana.\t\t\t\t\t\t\t\t<\/div>\n\t\t\t\t<\/div>\n\t\t\t\t\t<\/div>\n\t\t\t\t<\/div>\n\t\t<div class=\"elementor-element elementor-element-7cf31fa4 e-con-full e-flex e-con e-parent\" data-id=\"7cf31fa4\" data-element_type=\"container\" data-e-type=\"container\" data-settings=\"{&quot;background_background&quot;:&quot;classic&quot;}\">\n\t\t<div class=\"elementor-element elementor-element-49476964 e-flex e-con-boxed e-con e-child\" data-id=\"49476964\" data-element_type=\"container\" data-e-type=\"container\" data-settings=\"{&quot;background_background&quot;:&quot;classic&quot;}\">\n\t\t\t\t\t<div class=\"e-con-inner\">\n\t\t\t\t<div class=\"elementor-element elementor-element-2e3693e6 elementor-widget elementor-widget-heading\" data-id=\"2e3693e6\" data-element_type=\"widget\" data-e-type=\"widget\" data-widget_type=\"heading.default\">\n\t\t\t\t\t<h4 class=\"elementor-heading-title elementor-size-default\">Na\u0161a premium industrijska Shrink Wrap folija \u0161titi va\u0161u vrijednu opremu od korozije, pra\u0161ine, udaraca i UV zra\u010denja, bez obzira na lokaciju ili uvjete u kojima se nalazi.<\/h4>\t\t\t\t<\/div>\n\t\t\t\t<div class=\"elementor-element elementor-element-391507f4 elementor-align-center elementor-widget elementor-widget-button\" data-id=\"391507f4\" data-element_type=\"widget\" data-e-type=\"widget\" data-widget_type=\"button.default\">\n\t\t\t\t\t\t\t\t\t\t<a class=\"elementor-button elementor-button-link elementor-size-sm\" href=\"\/contact\/\">\n\t\t\t\t\t\t<span class=\"elementor-button-content-wrapper\">\n\t\t\t\t\t\t<span class=\"elementor-button-icon\">\n\t\t\t\t<svg aria-hidden=\"true\" class=\"e-font-icon-svg e-fas-chevron-circle-right\" viewBox=\"0 0 512 512\" xmlns=\"http:\/\/www.w3.org\/2000\/svg\"><path d=\"M256 8c137 0 248 111 248 248S393 504 256 504 8 393 8 256 119 8 256 8zm113.9 231L234.4 103.5c-9.4-9.4-24.6-9.4-33.9 0l-17 17c-9.4 9.4-9.4 24.6 0 33.9L285.1 256 183.5 357.6c-9.4 9.4-9.4 24.6 0 33.9l17 17c9.4 9.4 24.6 9.4 33.9 0L369.9 273c9.4-9.4 9.4-24.6 0-34z\"><\/path><\/svg>\t\t\t<\/span>\n\t\t\t\t\t\t\t\t\t<span class=\"elementor-button-text\">Zatra\u017eite besplatnu ponudu<\/span>\n\t\t\t\t\t<\/span>\n\t\t\t\t\t<\/a>\n\t\t\t\t\t\t\t\t<\/div>\n\t\t\t\t\t<\/div>\n\t\t\t\t<\/div>\n\t\t\t\t<\/div>\n\t\t\t\t<\/div>\n\t\t","protected":false},"excerpt":{"rendered":"<p>Premium Shrink Wrap Rje\u0161enja za Industrijsku Opremu i Proizvode U industrijskom sektoru, za\u0161tita velikih strojeva i osjetljive opreme tijekom skladi\u0161tenja [&hellip;]<\/p>\n","protected":false},"author":1,"featured_media":0,"parent":0,"menu_order":0,"comment_status":"closed","ping_status":"closed","template":"elementor_theme","meta":{"site-sidebar-layout":"no-sidebar","site-content-layout":"","ast-site-content-layout":"full-width-container","site-content-style":"default","site-sidebar-style":"default","ast-global-header-display":"","ast-banner-title-visibility":"","ast-main-header-display":"","ast-hfb-above-header-display":"","ast-hfb-below-header-display":"","ast-hfb-mobile-header-display":"","site-post-title":"disabled","ast-breadcrumbs-content":"","ast-featured-img":"disabled","footer-sml-layout":"","ast-disable-related-posts":"","theme-transparent-header-meta":"","adv-header-id-meta":"","stick-header-meta":"","header-above-stick-meta":"","header-main-stick-meta":"","header-below-stick-meta":"","astra-migrate-meta-layouts":"default","ast-page-background-enabled":"default","ast-page-background-meta":null,"ast-content-background-meta":null,"footnotes":""},"class_list":["post-1828","page","type-page","status-publish","hentry"],"yoast_head":"<!-- This site is optimized with the Yoast SEO Premium plugin v27.2 (Yoast SEO v27.2) - https:\/\/yoast.com\/product\/yoast-seo-premium-wordpress\/ -->\n<title>Shrink wrap folija industrija pakiranje zamatanja transporta<\/title>\n<meta name=\"description\" content=\"Shrink wrap folija se koristi u industriji za za\u0161titu transporta,strojeva, kotlova,transformatora za transport. Pru\u017eamo shrink wrap usluge u Hrvatskoj i Europi.\" \/>\n<meta name=\"robots\" content=\"index, follow, max-snippet:-1, max-image-preview:large, max-video-preview:-1\" \/>\n<link rel=\"canonical\" href=\"https:\/\/mr-shrink.com\/hr\/industry\/\" \/>\n<meta property=\"og:locale\" content=\"en_US\" \/>\n<meta property=\"og:type\" content=\"article\" \/>\n<meta property=\"og:title\" content=\"Industry\" \/>\n<meta property=\"og:description\" content=\"Shrink wrap folija se koristi u industriji za za\u0161titu transporta,strojeva, kotlova,transformatora za transport. Pru\u017eamo shrink wrap usluge u Hrvatskoj i Europi.\" \/>\n<meta property=\"og:url\" content=\"https:\/\/mr-shrink.com\/hr\/industry\/\" \/>\n<meta property=\"og:site_name\" content=\"Mr Shrink\" \/>\n<meta property=\"article:modified_time\" content=\"2025-11-26T01:14:46+00:00\" \/>\n<meta property=\"og:image\" content=\"https:\/\/mr-shrink.com\/hr\/wp-content\/uploads\/2025\/09\/industry-img-1-1.jpg\" \/>\n<meta name=\"twitter:card\" content=\"summary_large_image\" \/>\n<meta name=\"twitter:label1\" content=\"Est. reading time\" \/>\n\t<meta name=\"twitter:data1\" content=\"1 minute\" \/>\n<script type=\"application\/ld+json\" class=\"yoast-schema-graph\">{\"@context\":\"https:\/\/schema.org\",\"@graph\":[{\"@type\":\"WebPage\",\"@id\":\"https:\/\/mr-shrink.com\/hr\/industry\/\",\"url\":\"https:\/\/mr-shrink.com\/hr\/industry\/\",\"name\":\"Shrink wrap folija industrija pakiranje zamatanja transporta\",\"isPartOf\":{\"@id\":\"https:\/\/mr-shrink.com\/hr\/#website\"},\"primaryImageOfPage\":{\"@id\":\"https:\/\/mr-shrink.com\/hr\/industry\/#primaryimage\"},\"image\":{\"@id\":\"https:\/\/mr-shrink.com\/hr\/industry\/#primaryimage\"},\"thumbnailUrl\":\"https:\/\/mr-shrink.com\/hr\/wp-content\/uploads\/2025\/09\/industry-img-1-1.jpg\",\"datePublished\":\"2025-09-26T00:22:28+00:00\",\"dateModified\":\"2025-11-26T01:14:46+00:00\",\"description\":\"Shrink wrap folija se koristi u industriji za za\u0161titu transporta,strojeva, kotlova,transformatora za transport. Pru\u017eamo shrink wrap usluge u Hrvatskoj i Europi.\",\"breadcrumb\":{\"@id\":\"https:\/\/mr-shrink.com\/hr\/industry\/#breadcrumb\"},\"inLanguage\":\"en-US\",\"potentialAction\":[{\"@type\":\"ReadAction\",\"target\":[\"https:\/\/mr-shrink.com\/hr\/industry\/\"]}]},{\"@type\":\"ImageObject\",\"inLanguage\":\"en-US\",\"@id\":\"https:\/\/mr-shrink.com\/hr\/industry\/#primaryimage\",\"url\":\"https:\/\/mr-shrink.com\/hr\/wp-content\/uploads\/2025\/09\/industry-img-1-1.jpg\",\"contentUrl\":\"https:\/\/mr-shrink.com\/hr\/wp-content\/uploads\/2025\/09\/industry-img-1-1.jpg\",\"width\":768,\"height\":511},{\"@type\":\"BreadcrumbList\",\"@id\":\"https:\/\/mr-shrink.com\/hr\/industry\/#breadcrumb\",\"itemListElement\":[{\"@type\":\"ListItem\",\"position\":1,\"name\":\"Home\",\"item\":\"https:\/\/mr-shrink.com\/hr\/\"},{\"@type\":\"ListItem\",\"position\":2,\"name\":\"Industry\"}]},{\"@type\":\"WebSite\",\"@id\":\"https:\/\/mr-shrink.com\/hr\/#website\",\"url\":\"https:\/\/mr-shrink.com\/hr\/\",\"name\":\"Mr Shrink\",\"description\":\"Shrink wrap supplier and services\",\"publisher\":{\"@id\":\"https:\/\/mr-shrink.com\/hr\/#organization\"},\"potentialAction\":[{\"@type\":\"SearchAction\",\"target\":{\"@type\":\"EntryPoint\",\"urlTemplate\":\"https:\/\/mr-shrink.com\/hr\/?s={search_term_string}\"},\"query-input\":{\"@type\":\"PropertyValueSpecification\",\"valueRequired\":true,\"valueName\":\"search_term_string\"}}],\"inLanguage\":\"en-US\"},{\"@type\":\"Organization\",\"@id\":\"https:\/\/mr-shrink.com\/hr\/#organization\",\"name\":\"Mr Shrink\",\"url\":\"https:\/\/mr-shrink.com\/hr\/\",\"logo\":{\"@type\":\"ImageObject\",\"inLanguage\":\"en-US\",\"@id\":\"https:\/\/mr-shrink.com\/hr\/#\/schema\/logo\/image\/\",\"url\":\"https:\/\/mr-shrink.com\/hr\/wp-content\/uploads\/2025\/09\/logo-1.png\",\"contentUrl\":\"https:\/\/mr-shrink.com\/hr\/wp-content\/uploads\/2025\/09\/logo-1.png\",\"width\":160,\"height\":135,\"caption\":\"Mr Shrink\"},\"image\":{\"@id\":\"https:\/\/mr-shrink.com\/hr\/#\/schema\/logo\/image\/\"}}]}<\/script>\n<!-- \/ Yoast SEO Premium plugin. -->","yoast_head_json":{"title":"Shrink wrap folija industrija pakiranje zamatanja transporta","description":"Shrink wrap folija se koristi u industriji za za\u0161titu transporta,strojeva, kotlova,transformatora za transport. Pru\u017eamo shrink wrap usluge u Hrvatskoj i Europi.","robots":{"index":"index","follow":"follow","max-snippet":"max-snippet:-1","max-image-preview":"max-image-preview:large","max-video-preview":"max-video-preview:-1"},"canonical":"https:\/\/mr-shrink.com\/hr\/industry\/","og_locale":"en_US","og_type":"article","og_title":"Industry","og_description":"Shrink wrap folija se koristi u industriji za za\u0161titu transporta,strojeva, kotlova,transformatora za transport. Pru\u017eamo shrink wrap usluge u Hrvatskoj i Europi.","og_url":"https:\/\/mr-shrink.com\/hr\/industry\/","og_site_name":"Mr Shrink","article_modified_time":"2025-11-26T01:14:46+00:00","og_image":[{"url":"https:\/\/mr-shrink.com\/hr\/wp-content\/uploads\/2025\/09\/industry-img-1-1.jpg","type":"","width":"","height":""}],"twitter_card":"summary_large_image","twitter_misc":{"Est. reading time":"1 minute"},"schema":{"@context":"https:\/\/schema.org","@graph":[{"@type":"WebPage","@id":"https:\/\/mr-shrink.com\/hr\/industry\/","url":"https:\/\/mr-shrink.com\/hr\/industry\/","name":"Shrink wrap folija industrija pakiranje zamatanja transporta","isPartOf":{"@id":"https:\/\/mr-shrink.com\/hr\/#website"},"primaryImageOfPage":{"@id":"https:\/\/mr-shrink.com\/hr\/industry\/#primaryimage"},"image":{"@id":"https:\/\/mr-shrink.com\/hr\/industry\/#primaryimage"},"thumbnailUrl":"https:\/\/mr-shrink.com\/hr\/wp-content\/uploads\/2025\/09\/industry-img-1-1.jpg","datePublished":"2025-09-26T00:22:28+00:00","dateModified":"2025-11-26T01:14:46+00:00","description":"Shrink wrap folija se koristi u industriji za za\u0161titu transporta,strojeva, kotlova,transformatora za transport. Pru\u017eamo shrink wrap usluge u Hrvatskoj i Europi.","breadcrumb":{"@id":"https:\/\/mr-shrink.com\/hr\/industry\/#breadcrumb"},"inLanguage":"en-US","potentialAction":[{"@type":"ReadAction","target":["https:\/\/mr-shrink.com\/hr\/industry\/"]}]},{"@type":"ImageObject","inLanguage":"en-US","@id":"https:\/\/mr-shrink.com\/hr\/industry\/#primaryimage","url":"https:\/\/mr-shrink.com\/hr\/wp-content\/uploads\/2025\/09\/industry-img-1-1.jpg","contentUrl":"https:\/\/mr-shrink.com\/hr\/wp-content\/uploads\/2025\/09\/industry-img-1-1.jpg","width":768,"height":511},{"@type":"BreadcrumbList","@id":"https:\/\/mr-shrink.com\/hr\/industry\/#breadcrumb","itemListElement":[{"@type":"ListItem","position":1,"name":"Home","item":"https:\/\/mr-shrink.com\/hr\/"},{"@type":"ListItem","position":2,"name":"Industry"}]},{"@type":"WebSite","@id":"https:\/\/mr-shrink.com\/hr\/#website","url":"https:\/\/mr-shrink.com\/hr\/","name":"Mr Shrink","description":"Shrink wrap supplier and services","publisher":{"@id":"https:\/\/mr-shrink.com\/hr\/#organization"},"potentialAction":[{"@type":"SearchAction","target":{"@type":"EntryPoint","urlTemplate":"https:\/\/mr-shrink.com\/hr\/?s={search_term_string}"},"query-input":{"@type":"PropertyValueSpecification","valueRequired":true,"valueName":"search_term_string"}}],"inLanguage":"en-US"},{"@type":"Organization","@id":"https:\/\/mr-shrink.com\/hr\/#organization","name":"Mr Shrink","url":"https:\/\/mr-shrink.com\/hr\/","logo":{"@type":"ImageObject","inLanguage":"en-US","@id":"https:\/\/mr-shrink.com\/hr\/#\/schema\/logo\/image\/","url":"https:\/\/mr-shrink.com\/hr\/wp-content\/uploads\/2025\/09\/logo-1.png","contentUrl":"https:\/\/mr-shrink.com\/hr\/wp-content\/uploads\/2025\/09\/logo-1.png","width":160,"height":135,"caption":"Mr Shrink"},"image":{"@id":"https:\/\/mr-shrink.com\/hr\/#\/schema\/logo\/image\/"}}]}},"_links":{"self":[{"href":"https:\/\/mr-shrink.com\/hr\/wp-json\/wp\/v2\/pages\/1828","targetHints":{"allow":["GET"]}}],"collection":[{"href":"https:\/\/mr-shrink.com\/hr\/wp-json\/wp\/v2\/pages"}],"about":[{"href":"https:\/\/mr-shrink.com\/hr\/wp-json\/wp\/v2\/types\/page"}],"author":[{"embeddable":true,"href":"https:\/\/mr-shrink.com\/hr\/wp-json\/wp\/v2\/users\/1"}],"replies":[{"embeddable":true,"href":"https:\/\/mr-shrink.com\/hr\/wp-json\/wp\/v2\/comments?post=1828"}],"version-history":[{"count":16,"href":"https:\/\/mr-shrink.com\/hr\/wp-json\/wp\/v2\/pages\/1828\/revisions"}],"predecessor-version":[{"id":2258,"href":"https:\/\/mr-shrink.com\/hr\/wp-json\/wp\/v2\/pages\/1828\/revisions\/2258"}],"wp:attachment":[{"href":"https:\/\/mr-shrink.com\/hr\/wp-json\/wp\/v2\/media?parent=1828"}],"curies":[{"name":"wp","href":"https:\/\/api.w.org\/{rel}","templated":true}]}}