{"id":1868,"date":"2025-09-26T10:22:35","date_gmt":"2025-09-26T00:22:35","guid":{"rendered":"https:\/\/mrshrink.spinstaging.com\/hr\/about-us\/"},"modified":"2025-11-26T10:58:41","modified_gmt":"2025-11-26T00:58:41","slug":"about-us","status":"publish","type":"page","link":"https:\/\/mr-shrink.com\/hr\/about-us\/","title":{"rendered":"About Us"},"content":{"rendered":"\t\t<div data-elementor-type=\"wp-page\" data-elementor-id=\"1868\" class=\"elementor elementor-1868\" data-elementor-post-type=\"page\">\n\t\t\t\t<div class=\"elementor-element elementor-element-1d16a43a e-flex e-con-boxed e-con e-parent\" data-id=\"1d16a43a\" data-element_type=\"container\" data-e-type=\"container\">\n\t\t\t\t\t<div class=\"e-con-inner\">\n\t\t<div class=\"elementor-element elementor-element-3da13aef e-con-full e-flex e-con e-child\" data-id=\"3da13aef\" data-element_type=\"container\" data-e-type=\"container\">\n\t\t\t\t<div class=\"elementor-element elementor-element-7927c67c elementor-invisible elementor-widget elementor-widget-image\" data-id=\"7927c67c\" data-element_type=\"widget\" data-e-type=\"widget\" data-settings=\"{&quot;_animation&quot;:&quot;fadeIn&quot;}\" data-widget_type=\"image.default\">\n\t\t\t\t\t\t\t\t\t\t\t\t\t\t\t<img fetchpriority=\"high\" decoding=\"async\" width=\"796\" height=\"700\" src=\"https:\/\/mr-shrink.com\/hr\/wp-content\/uploads\/2025\/09\/about_us_banner_2-1.jpg\" class=\"attachment-full size-full wp-image-1835\" alt=\"\" srcset=\"https:\/\/mr-shrink.com\/hr\/wp-content\/uploads\/2025\/09\/about_us_banner_2-1.jpg 796w, https:\/\/mr-shrink.com\/hr\/wp-content\/uploads\/2025\/09\/about_us_banner_2-1-300x264.jpg 300w, https:\/\/mr-shrink.com\/hr\/wp-content\/uploads\/2025\/09\/about_us_banner_2-1-768x675.jpg 768w\" sizes=\"(max-width: 796px) 100vw, 796px\" \/>\t\t\t\t\t\t\t\t\t\t\t\t\t\t\t<\/div>\n\t\t\t\t<div class=\"elementor-element elementor-element-1048c6ac elementor-invisible elementor-widget elementor-widget-image\" data-id=\"1048c6ac\" data-element_type=\"widget\" data-e-type=\"widget\" data-settings=\"{&quot;_animation&quot;:&quot;fadeIn&quot;,&quot;_animation_delay&quot;:&quot;100&quot;}\" data-widget_type=\"image.default\">\n\t\t\t\t\t\t\t\t\t\t\t\t\t\t\t<img decoding=\"async\" width=\"1600\" height=\"1200\" src=\"https:\/\/mr-shrink.com\/hr\/wp-content\/uploads\/2025\/09\/about_us_banner-1.jpg\" class=\"attachment-full size-full wp-image-1792\" alt=\"\" srcset=\"https:\/\/mr-shrink.com\/hr\/wp-content\/uploads\/2025\/09\/about_us_banner-1.jpg 1600w, https:\/\/mr-shrink.com\/hr\/wp-content\/uploads\/2025\/09\/about_us_banner-1-300x225.jpg 300w, https:\/\/mr-shrink.com\/hr\/wp-content\/uploads\/2025\/09\/about_us_banner-1-1024x768.jpg 1024w, https:\/\/mr-shrink.com\/hr\/wp-content\/uploads\/2025\/09\/about_us_banner-1-768x576.jpg 768w, https:\/\/mr-shrink.com\/hr\/wp-content\/uploads\/2025\/09\/about_us_banner-1-1536x1152.jpg 1536w\" sizes=\"(max-width: 1600px) 100vw, 1600px\" \/>\t\t\t\t\t\t\t\t\t\t\t\t\t\t\t<\/div>\n\t\t\t\t<\/div>\n\t\t<div class=\"elementor-element elementor-element-3a3fd4a6 e-con-full e-flex e-con e-child\" data-id=\"3a3fd4a6\" data-element_type=\"container\" data-e-type=\"container\">\n\t\t\t\t<div class=\"elementor-element elementor-element-5da43cac elementor-widget elementor-widget-heading\" data-id=\"5da43cac\" data-element_type=\"widget\" data-e-type=\"widget\" data-widget_type=\"heading.default\">\n\t\t\t\t\t<h1 class=\"elementor-heading-title elementor-size-default\">About Us<\/h1>\t\t\t\t<\/div>\n\t\t\t\t<div class=\"elementor-element elementor-element-6cbdb590 uael-heading-align-left elementor-widget elementor-widget-uael-advanced-heading\" data-id=\"6cbdb590\" data-element_type=\"widget\" data-e-type=\"widget\" data-widget_type=\"uael-advanced-heading.default\">\n\t\t\t\t<div class=\"elementor-widget-container\">\n\t\t\t\t\t\n\t\t<div class=\"uael-module-content uael-heading-wrapper\">\n\t\t\t\t\t\t\n\t\t\t<h2 class=\"uael-heading\">\n\t\t\t\t\t\t\t\t\t\t<span class=\"uael-heading-text elementor-inline-editing uael-size--default\" data-elementor-setting-key=\"heading_title\" data-elementor-inline-editing-toolbar=\"basic\">Premium Shrink Wrap Za\u0161tita<\/span>\n\t\t\t\t\t\t\t<\/h2>\n\n\t\t\t\n\t\t\t\n\t\t\t\n\t\t\t\t\t\t<\/div>\n\t\t\t\t\t\t<\/div>\n\t\t\t\t<\/div>\n\t\t\t\t<div class=\"elementor-element elementor-element-c1cdb5a elementor-widget elementor-widget-text-editor\" data-id=\"c1cdb5a\" data-element_type=\"widget\" data-e-type=\"widget\" data-widget_type=\"text-editor.default\">\n\t\t\t\t\t\t\t\t\t<p>S gotovo dva desetlje\u0107a iskustva u industrijskom pakiranju, Mr. Shrink postao je prvi izbor za Premium Shrink Wrap folije i usluge instalacija.<\/p><p>Sa sjedi\u0161tem u Europi i klijentima diljem svijeta, sura\u0111ujemo s tvrtkama svih veli\u010dina kako bismo pru\u017eili individualna rje\u0161enja za pakiranje i za\u0161titu.<\/p>\t\t\t\t\t\t\t\t<\/div>\n\t\t\t\t<\/div>\n\t\t\t\t\t<\/div>\n\t\t\t\t<\/div>\n\t\t<div class=\"elementor-element elementor-element-1755e510 e-con-full e-flex e-con e-parent\" data-id=\"1755e510\" data-element_type=\"container\" data-e-type=\"container\" data-settings=\"{&quot;background_background&quot;:&quot;classic&quot;}\">\n\t\t<div class=\"elementor-element elementor-element-73e43491 e-flex e-con-boxed e-con e-child\" data-id=\"73e43491\" data-element_type=\"container\" data-e-type=\"container\">\n\t\t\t\t\t<div class=\"e-con-inner\">\n\t\t\t\t<div class=\"elementor-element elementor-element-211cc8c1 uael-heading-align-center center_label elementor-widget__width-initial elementor-widget-mobile__width-inherit elementor-widget-tablet__width-inherit elementor-widget elementor-widget-uael-advanced-heading\" data-id=\"211cc8c1\" data-element_type=\"widget\" data-e-type=\"widget\" data-widget_type=\"uael-advanced-heading.default\">\n\t\t\t\t<div class=\"elementor-widget-container\">\n\t\t\t\t\t\n\t\t<div class=\"uael-module-content uael-heading-wrapper\">\n\t\t\t\t\t\t\n\t\t\t<h2 class=\"uael-heading\">\n\t\t\t\t\t\t\t\t\t\t<span class=\"uael-heading-text elementor-inline-editing uael-size--default\" data-elementor-setting-key=\"heading_title\" data-elementor-inline-editing-toolbar=\"basic\">Pru\u017eamo vi\u0161e od Shrink Wrap folije <br class=\"dsk-br\">Mi pru\u017eamo rje\u0161enja<\/span>\n\t\t\t\t\t\t\t<\/h2>\n\n\t\t\t\n\t\t\t\n\t\t\t\n\t\t\t\t\t\t<\/div>\n\t\t\t\t\t\t<\/div>\n\t\t\t\t<\/div>\n\t\t\t\t<div class=\"elementor-element elementor-element-5c6e4f6c elementor-widget elementor-widget-text-editor\" data-id=\"5c6e4f6c\" data-element_type=\"widget\" data-e-type=\"widget\" data-widget_type=\"text-editor.default\">\n\t\t\t\t\t\t\t\t\t<p>Na\u0161a misija je jasna: dostaviti premium Shrink Wrap proizvode uz prakti\u010dan i savjetodavan pristup. Bilo da vam treba dugoro\u010dna za\u0161tita od vremenskih uvjeta ili kratkoro\u010dna za\u0161tita pri transportu, pru\u017eamo pouzdane usluge, stru\u010dnu podr\u0161ku i konkurentne cijene.<\/p><p>Timovi i partnerske mre\u017ee Mr. Shrink-a obavljaju poslove diljem svijeta, pakiranje ili pokrivanje obavlja se na lokaciji po va\u0161em izboru.<\/p>\t\t\t\t\t\t\t\t<\/div>\n\t\t\t\t<div class=\"elementor-element elementor-element-5362f193 elementor-widget elementor-widget-heading\" data-id=\"5362f193\" data-element_type=\"widget\" data-e-type=\"widget\" data-widget_type=\"heading.default\">\n\t\t\t\t\t<h4 class=\"elementor-heading-title elementor-size-default\">Ne nudimo samo Shrink Wrap foliju! Mi nudimo rje\u0161enja!\n<\/h4>\t\t\t\t<\/div>\n\t\t\t\t\t<\/div>\n\t\t\t\t<\/div>\n\t\t\t\t<\/div>\n\t\t<div class=\"elementor-element elementor-element-252936d8 e-con-full e-flex e-con e-parent\" data-id=\"252936d8\" data-element_type=\"container\" data-e-type=\"container\" data-settings=\"{&quot;background_background&quot;:&quot;classic&quot;}\">\n\t\t\t\t<div class=\"elementor-element elementor-element-5310f908 elementor-widget elementor-widget-template\" data-id=\"5310f908\" data-element_type=\"widget\" data-e-type=\"widget\" data-widget_type=\"template.default\">\n\t\t\t\t<div class=\"elementor-widget-container\">\n\t\t\t\t\t\t\t<div class=\"elementor-template\">\n\t\t\t\t\t<div data-elementor-type=\"container\" data-elementor-id=\"330\" class=\"elementor elementor-330\" data-elementor-post-type=\"elementor_library\">\n\t\t\t\t<div class=\"elementor-element elementor-element-187404d2 e-flex e-con-boxed e-con e-child\" data-id=\"187404d2\" data-element_type=\"container\" data-e-type=\"container\" data-settings=\"{&quot;background_background&quot;:&quot;classic&quot;}\">\n\t\t\t\t\t<div class=\"e-con-inner\">\n\t\t\t\t<div class=\"elementor-element elementor-element-390d5b77 elementor-widget elementor-widget-heading\" data-id=\"390d5b77\" data-element_type=\"widget\" data-e-type=\"widget\" data-widget_type=\"heading.default\">\n\t\t\t\t\t<h2 class=\"elementor-heading-title elementor-size-default\">Spremni za\u0161tititi svoju imovinu  <br class=\"dsk-br\">Premium Industrijskom Shrink Wrap Folijom?<\/h2>\t\t\t\t<\/div>\n\t\t\t\t<div class=\"elementor-element elementor-element-3a2a6a8f elementor-align-center elementor-widget elementor-widget-button\" data-id=\"3a2a6a8f\" data-element_type=\"widget\" data-e-type=\"widget\" data-widget_type=\"button.default\">\n\t\t\t\t\t\t\t\t\t\t<a class=\"elementor-button elementor-button-link elementor-size-sm\" href=\"\/hr\/contact\/\">\n\t\t\t\t\t\t<span class=\"elementor-button-content-wrapper\">\n\t\t\t\t\t\t<span class=\"elementor-button-icon\">\n\t\t\t\t<svg aria-hidden=\"true\" class=\"e-font-icon-svg e-fas-chevron-circle-right\" viewBox=\"0 0 512 512\" xmlns=\"http:\/\/www.w3.org\/2000\/svg\"><path d=\"M256 8c137 0 248 111 248 248S393 504 256 504 8 393 8 256 119 8 256 8zm113.9 231L234.4 103.5c-9.4-9.4-24.6-9.4-33.9 0l-17 17c-9.4 9.4-9.4 24.6 0 33.9L285.1 256 183.5 357.6c-9.4 9.4-9.4 24.6 0 33.9l17 17c9.4 9.4 24.6 9.4 33.9 0L369.9 273c9.4-9.4 9.4-24.6 0-34z\"><\/path><\/svg>\t\t\t<\/span>\n\t\t\t\t\t\t\t\t\t<span class=\"elementor-button-text\">Kontaktirajte Nas<\/span>\n\t\t\t\t\t<\/span>\n\t\t\t\t\t<\/a>\n\t\t\t\t\t\t\t\t<\/div>\n\t\t\t\t\t<\/div>\n\t\t\t\t<\/div>\n\t\t\t\t<\/div>\n\t\t\t\t<\/div>\n\t\t\t\t\t\t<\/div>\n\t\t\t\t<\/div>\n\t\t\t\t<\/div>\n\t\t\t\t<\/div>\n\t\t","protected":false},"excerpt":{"rendered":"<p>Premium Shrink Wrap Za\u0161tita S gotovo dva desetlje\u0107a iskustva u industrijskom pakiranju, Mr. Shrink postao je prvi izbor za Premium [&hellip;]<\/p>\n","protected":false},"author":1,"featured_media":0,"parent":0,"menu_order":0,"comment_status":"closed","ping_status":"closed","template":"elementor_theme","meta":{"site-sidebar-layout":"no-sidebar","site-content-layout":"","ast-site-content-layout":"full-width-container","site-content-style":"default","site-sidebar-style":"default","ast-global-header-display":"","ast-banner-title-visibility":"","ast-main-header-display":"","ast-hfb-above-header-display":"","ast-hfb-below-header-display":"","ast-hfb-mobile-header-display":"","site-post-title":"disabled","ast-breadcrumbs-content":"","ast-featured-img":"disabled","footer-sml-layout":"","ast-disable-related-posts":"","theme-transparent-header-meta":"","adv-header-id-meta":"","stick-header-meta":"","header-above-stick-meta":"","header-main-stick-meta":"","header-below-stick-meta":"","astra-migrate-meta-layouts":"default","ast-page-background-enabled":"default","ast-page-background-meta":null,"ast-content-background-meta":null,"footnotes":""},"class_list":["post-1868","page","type-page","status-publish","hentry"],"yoast_head":"<!-- This site is optimized with the Yoast SEO Premium plugin v27.2 (Yoast SEO v27.2) - https:\/\/yoast.com\/product\/yoast-seo-premium-wordpress\/ -->\n<title>Distributer Shrink wrap folija, termoskupljaju\u0107a folija.<\/title>\n<meta name=\"description\" content=\"Mr Shrink distributer za shrink wrap termoskupljaju\u0107a folija, shrink wrap folija prodaja i usluge transportnog pakiranja tereta u Hrvatskoj, Sloveniji i EU.\" \/>\n<meta name=\"robots\" content=\"index, follow, max-snippet:-1, max-image-preview:large, max-video-preview:-1\" \/>\n<link rel=\"canonical\" href=\"https:\/\/mr-shrink.com\/hr\/about-us\/\" \/>\n<meta property=\"og:locale\" content=\"en_US\" \/>\n<meta property=\"og:type\" content=\"article\" \/>\n<meta property=\"og:title\" content=\"About Us\" \/>\n<meta property=\"og:description\" content=\"Mr Shrink distributer za shrink wrap termoskupljaju\u0107a folija, shrink wrap folija prodaja i usluge transportnog pakiranja tereta u Hrvatskoj, Sloveniji i EU.\" \/>\n<meta property=\"og:url\" content=\"https:\/\/mr-shrink.com\/hr\/about-us\/\" \/>\n<meta property=\"og:site_name\" content=\"Mr Shrink\" \/>\n<meta property=\"article:modified_time\" content=\"2025-11-26T00:58:41+00:00\" \/>\n<meta property=\"og:image\" content=\"https:\/\/mr-shrink.com\/hr\/wp-content\/uploads\/2025\/09\/about_us_banner_2-1.jpg\" \/>\n<meta name=\"twitter:card\" content=\"summary_large_image\" \/>\n<meta name=\"twitter:label1\" content=\"Est. reading time\" \/>\n\t<meta name=\"twitter:data1\" content=\"1 minute\" \/>\n<script type=\"application\/ld+json\" class=\"yoast-schema-graph\">{\"@context\":\"https:\/\/schema.org\",\"@graph\":[{\"@type\":\"WebPage\",\"@id\":\"https:\/\/mr-shrink.com\/hr\/about-us\/\",\"url\":\"https:\/\/mr-shrink.com\/hr\/about-us\/\",\"name\":\"Distributer Shrink wrap folija, termoskupljaju\u0107a folija.\",\"isPartOf\":{\"@id\":\"https:\/\/mr-shrink.com\/hr\/#website\"},\"primaryImageOfPage\":{\"@id\":\"https:\/\/mr-shrink.com\/hr\/about-us\/#primaryimage\"},\"image\":{\"@id\":\"https:\/\/mr-shrink.com\/hr\/about-us\/#primaryimage\"},\"thumbnailUrl\":\"https:\/\/mr-shrink.com\/hr\/wp-content\/uploads\/2025\/09\/about_us_banner_2-1.jpg\",\"datePublished\":\"2025-09-26T00:22:35+00:00\",\"dateModified\":\"2025-11-26T00:58:41+00:00\",\"description\":\"Mr Shrink distributer za shrink wrap termoskupljaju\u0107a folija, shrink wrap folija prodaja i usluge transportnog pakiranja tereta u Hrvatskoj, Sloveniji i EU.\",\"breadcrumb\":{\"@id\":\"https:\/\/mr-shrink.com\/hr\/about-us\/#breadcrumb\"},\"inLanguage\":\"en-US\",\"potentialAction\":[{\"@type\":\"ReadAction\",\"target\":[\"https:\/\/mr-shrink.com\/hr\/about-us\/\"]}]},{\"@type\":\"ImageObject\",\"inLanguage\":\"en-US\",\"@id\":\"https:\/\/mr-shrink.com\/hr\/about-us\/#primaryimage\",\"url\":\"https:\/\/mr-shrink.com\/hr\/wp-content\/uploads\/2025\/09\/about_us_banner_2-1.jpg\",\"contentUrl\":\"https:\/\/mr-shrink.com\/hr\/wp-content\/uploads\/2025\/09\/about_us_banner_2-1.jpg\",\"width\":796,\"height\":700},{\"@type\":\"BreadcrumbList\",\"@id\":\"https:\/\/mr-shrink.com\/hr\/about-us\/#breadcrumb\",\"itemListElement\":[{\"@type\":\"ListItem\",\"position\":1,\"name\":\"Home\",\"item\":\"https:\/\/mr-shrink.com\/hr\/\"},{\"@type\":\"ListItem\",\"position\":2,\"name\":\"About Us\"}]},{\"@type\":\"WebSite\",\"@id\":\"https:\/\/mr-shrink.com\/hr\/#website\",\"url\":\"https:\/\/mr-shrink.com\/hr\/\",\"name\":\"Mr Shrink\",\"description\":\"Shrink wrap supplier and services\",\"publisher\":{\"@id\":\"https:\/\/mr-shrink.com\/hr\/#organization\"},\"potentialAction\":[{\"@type\":\"SearchAction\",\"target\":{\"@type\":\"EntryPoint\",\"urlTemplate\":\"https:\/\/mr-shrink.com\/hr\/?s={search_term_string}\"},\"query-input\":{\"@type\":\"PropertyValueSpecification\",\"valueRequired\":true,\"valueName\":\"search_term_string\"}}],\"inLanguage\":\"en-US\"},{\"@type\":\"Organization\",\"@id\":\"https:\/\/mr-shrink.com\/hr\/#organization\",\"name\":\"Mr Shrink\",\"url\":\"https:\/\/mr-shrink.com\/hr\/\",\"logo\":{\"@type\":\"ImageObject\",\"inLanguage\":\"en-US\",\"@id\":\"https:\/\/mr-shrink.com\/hr\/#\/schema\/logo\/image\/\",\"url\":\"https:\/\/mr-shrink.com\/hr\/wp-content\/uploads\/2025\/09\/logo-1.png\",\"contentUrl\":\"https:\/\/mr-shrink.com\/hr\/wp-content\/uploads\/2025\/09\/logo-1.png\",\"width\":160,\"height\":135,\"caption\":\"Mr Shrink\"},\"image\":{\"@id\":\"https:\/\/mr-shrink.com\/hr\/#\/schema\/logo\/image\/\"}}]}<\/script>\n<!-- \/ Yoast SEO Premium plugin. -->","yoast_head_json":{"title":"Distributer Shrink wrap folija, termoskupljaju\u0107a folija.","description":"Mr Shrink distributer za shrink wrap termoskupljaju\u0107a folija, shrink wrap folija prodaja i usluge transportnog pakiranja tereta u Hrvatskoj, Sloveniji i EU.","robots":{"index":"index","follow":"follow","max-snippet":"max-snippet:-1","max-image-preview":"max-image-preview:large","max-video-preview":"max-video-preview:-1"},"canonical":"https:\/\/mr-shrink.com\/hr\/about-us\/","og_locale":"en_US","og_type":"article","og_title":"About Us","og_description":"Mr Shrink distributer za shrink wrap termoskupljaju\u0107a folija, shrink wrap folija prodaja i usluge transportnog pakiranja tereta u Hrvatskoj, Sloveniji i EU.","og_url":"https:\/\/mr-shrink.com\/hr\/about-us\/","og_site_name":"Mr Shrink","article_modified_time":"2025-11-26T00:58:41+00:00","og_image":[{"url":"https:\/\/mr-shrink.com\/hr\/wp-content\/uploads\/2025\/09\/about_us_banner_2-1.jpg","type":"","width":"","height":""}],"twitter_card":"summary_large_image","twitter_misc":{"Est. reading time":"1 minute"},"schema":{"@context":"https:\/\/schema.org","@graph":[{"@type":"WebPage","@id":"https:\/\/mr-shrink.com\/hr\/about-us\/","url":"https:\/\/mr-shrink.com\/hr\/about-us\/","name":"Distributer Shrink wrap folija, termoskupljaju\u0107a folija.","isPartOf":{"@id":"https:\/\/mr-shrink.com\/hr\/#website"},"primaryImageOfPage":{"@id":"https:\/\/mr-shrink.com\/hr\/about-us\/#primaryimage"},"image":{"@id":"https:\/\/mr-shrink.com\/hr\/about-us\/#primaryimage"},"thumbnailUrl":"https:\/\/mr-shrink.com\/hr\/wp-content\/uploads\/2025\/09\/about_us_banner_2-1.jpg","datePublished":"2025-09-26T00:22:35+00:00","dateModified":"2025-11-26T00:58:41+00:00","description":"Mr Shrink distributer za shrink wrap termoskupljaju\u0107a folija, shrink wrap folija prodaja i usluge transportnog pakiranja tereta u Hrvatskoj, Sloveniji i EU.","breadcrumb":{"@id":"https:\/\/mr-shrink.com\/hr\/about-us\/#breadcrumb"},"inLanguage":"en-US","potentialAction":[{"@type":"ReadAction","target":["https:\/\/mr-shrink.com\/hr\/about-us\/"]}]},{"@type":"ImageObject","inLanguage":"en-US","@id":"https:\/\/mr-shrink.com\/hr\/about-us\/#primaryimage","url":"https:\/\/mr-shrink.com\/hr\/wp-content\/uploads\/2025\/09\/about_us_banner_2-1.jpg","contentUrl":"https:\/\/mr-shrink.com\/hr\/wp-content\/uploads\/2025\/09\/about_us_banner_2-1.jpg","width":796,"height":700},{"@type":"BreadcrumbList","@id":"https:\/\/mr-shrink.com\/hr\/about-us\/#breadcrumb","itemListElement":[{"@type":"ListItem","position":1,"name":"Home","item":"https:\/\/mr-shrink.com\/hr\/"},{"@type":"ListItem","position":2,"name":"About Us"}]},{"@type":"WebSite","@id":"https:\/\/mr-shrink.com\/hr\/#website","url":"https:\/\/mr-shrink.com\/hr\/","name":"Mr Shrink","description":"Shrink wrap supplier and services","publisher":{"@id":"https:\/\/mr-shrink.com\/hr\/#organization"},"potentialAction":[{"@type":"SearchAction","target":{"@type":"EntryPoint","urlTemplate":"https:\/\/mr-shrink.com\/hr\/?s={search_term_string}"},"query-input":{"@type":"PropertyValueSpecification","valueRequired":true,"valueName":"search_term_string"}}],"inLanguage":"en-US"},{"@type":"Organization","@id":"https:\/\/mr-shrink.com\/hr\/#organization","name":"Mr Shrink","url":"https:\/\/mr-shrink.com\/hr\/","logo":{"@type":"ImageObject","inLanguage":"en-US","@id":"https:\/\/mr-shrink.com\/hr\/#\/schema\/logo\/image\/","url":"https:\/\/mr-shrink.com\/hr\/wp-content\/uploads\/2025\/09\/logo-1.png","contentUrl":"https:\/\/mr-shrink.com\/hr\/wp-content\/uploads\/2025\/09\/logo-1.png","width":160,"height":135,"caption":"Mr Shrink"},"image":{"@id":"https:\/\/mr-shrink.com\/hr\/#\/schema\/logo\/image\/"}}]}},"_links":{"self":[{"href":"https:\/\/mr-shrink.com\/hr\/wp-json\/wp\/v2\/pages\/1868","targetHints":{"allow":["GET"]}}],"collection":[{"href":"https:\/\/mr-shrink.com\/hr\/wp-json\/wp\/v2\/pages"}],"about":[{"href":"https:\/\/mr-shrink.com\/hr\/wp-json\/wp\/v2\/types\/page"}],"author":[{"embeddable":true,"href":"https:\/\/mr-shrink.com\/hr\/wp-json\/wp\/v2\/users\/1"}],"replies":[{"embeddable":true,"href":"https:\/\/mr-shrink.com\/hr\/wp-json\/wp\/v2\/comments?post=1868"}],"version-history":[{"count":28,"href":"https:\/\/mr-shrink.com\/hr\/wp-json\/wp\/v2\/pages\/1868\/revisions"}],"predecessor-version":[{"id":2524,"href":"https:\/\/mr-shrink.com\/hr\/wp-json\/wp\/v2\/pages\/1868\/revisions\/2524"}],"wp:attachment":[{"href":"https:\/\/mr-shrink.com\/hr\/wp-json\/wp\/v2\/media?parent=1868"}],"curies":[{"name":"wp","href":"https:\/\/api.w.org\/{rel}","templated":true}]}}